{"id":66,"date":"2024-11-08T21:30:35","date_gmt":"2024-11-08T21:30:35","guid":{"rendered":"http:\/\/51.68.189.130:37002\/?page_id=66"},"modified":"2025-01-18T10:38:19","modified_gmt":"2025-01-18T10:38:19","slug":"o-nas","status":"publish","type":"page","link":"https:\/\/hollandflex.nl\/pl\/o-nas\/","title":{"rendered":"O nas"},"content":{"rendered":"<p>[et_pb_section fb_built=&#8221;1&#8243; _builder_version=&#8221;4.16&#8243; _module_preset=&#8221;default&#8221; background_image=&#8221;https:\/\/hollandflex.nl\/wp-content\/uploads\/2024\/11\/image8-scaled.webp&#8221; custom_padding=&#8221;220px||220px||true|false&#8221; global_colors_info=&#8221;{}&#8221;][\/et_pb_section][et_pb_section fb_built=&#8221;1&#8243; _builder_version=&#8221;4.16&#8243; _module_preset=&#8221;default&#8221; global_colors_info=&#8221;{}&#8221;][et_pb_row column_structure=&#8221;1_2,1_2&#8243; _builder_version=&#8221;4.27.4&#8243; _module_preset=&#8221;default&#8221; width=&#8221;90%&#8221; hover_enabled=&#8221;0&#8243; custom_css_main_element=&#8221;display: flex;||flex-direction: row;||align-items: center;||flex-wrap: wrap;&#8221; global_colors_info=&#8221;{}&#8221; sticky_enabled=&#8221;0&#8243;][et_pb_column type=&#8221;1_2&#8243; _builder_version=&#8221;4.16&#8243; _module_preset=&#8221;default&#8221; global_colors_info=&#8221;{}&#8221;][et_pb_image src=&#8221;https:\/\/hollandflex.nl\/wp-content\/uploads\/2024\/11\/logo.svg&#8221; _builder_version=&#8221;4.27.4&#8243; _module_preset=&#8221;default&#8221; title_text=&#8221;logo&#8221; align=&#8221;center&#8221; hover_enabled=&#8221;0&#8243; sticky_enabled=&#8221;0&#8243;][\/et_pb_image][\/et_pb_column][et_pb_column type=&#8221;1_2&#8243; _builder_version=&#8221;4.16&#8243; _module_preset=&#8221;default&#8221; global_colors_info=&#8221;{}&#8221;][et_pb_text _builder_version=&#8221;4.16&#8243; _module_preset=&#8221;default&#8221; text_text_color=&#8221;#000000&#8243; text_font_size=&#8221;1.2rem&#8221; text_line_height=&#8221;2rem&#8221; global_colors_info=&#8221;{}&#8221;]<\/p>\n<p class=\"font-regular col-12\">HollandFlex to dynamiczna, profesjonalna i pr\u0119\u017cna agencja pracy z siedzib\u0105 w Nuenen. Jeste\u015bmy mi\u0119dzynarodow\u0105 agencj\u0105 pracy specjalizuj\u0105c\u0105 si\u0119 w przemy\u015ble, technologii i logistyce. Dzi\u0119ki naszemu wieloletniemu do\u015bwiadczeniu, sieci i w\u0142asnej bazie danych zapewniamy odpowiednich i rzetelnych kandydat\u00f3w oraz najlepsze oferty pracy! Jako\u015b\u0107 jest naszym najwy\u017cszym priorytetem. Nie bez powodu naszym has\u0142em jest:<\/p>\n<h3 class=\"font-semiBold inner-subtitle col-12\"><strong>Razem mo\u017cemy osi\u0105gn\u0105\u0107 wi\u0119cej<\/strong><\/h3>\n<p class=\"font-regular col-12\">Mocno wierzymy w to stwierdzenie w HollandFlex. Naszym nadrz\u0119dnym celem jest jak najskuteczniejsza pomoc zar\u00f3wno firmom z jednej strony, jak i kandydatom z drugiej strony. Uwzgl\u0119dnia to, czego szukaj\u0105 obie strony. Tylko w ten spos\u00f3b mo\u017cna zapewni\u0107 dopasowanie, kt\u00f3re dzia\u0142a.<\/p>\n<p>[\/et_pb_text][\/et_pb_column][\/et_pb_row][\/et_pb_section][et_pb_section fb_built=&#8221;1&#8243; _builder_version=&#8221;4.16&#8243; _module_preset=&#8221;default&#8221; background_color=&#8221;#4c8c2b&#8221; custom_margin=&#8221;0px|0px|0px|0px|false|false&#8221; custom_padding=&#8221;0px|0px|0px|0px|false|false&#8221; global_colors_info=&#8221;{}&#8221;][et_pb_row column_structure=&#8221;3_5,2_5&#8243; _builder_version=&#8221;4.27.4&#8243; _module_preset=&#8221;default&#8221; width=&#8221;90%&#8221; custom_margin=&#8221;||||false|false&#8221; custom_padding=&#8221;||||false|false&#8221; hover_enabled=&#8221;0&#8243; custom_css_main_element=&#8221;display: flex;||flex-direction: row;||align-items: center;||flex-wrap: wrap;&#8221; global_colors_info=&#8221;{}&#8221; sticky_enabled=&#8221;0&#8243;][et_pb_column type=&#8221;3_5&#8243; _builder_version=&#8221;4.16&#8243; _module_preset=&#8221;default&#8221; global_colors_info=&#8221;{}&#8221;][et_pb_text _builder_version=&#8221;4.16&#8243; _module_preset=&#8221;default&#8221; text_font=&#8221;|600|||||||&#8221; text_text_color=&#8221;#FFFFFF&#8221; text_font_size=&#8221;1.2rem&#8221; text_line_height=&#8221;2rem&#8221; global_colors_info=&#8221;{}&#8221;]<\/p>\n<p><span>Cz\u0119sto m\u00f3wi si\u0119, \u017ce firm\u0119 tworz\u0105 ludzie. Personel jest istotn\u0105 cz\u0119\u015bci\u0105 dobrze prosperuj\u0105cego biznesu. Dlatego w HollandFlex zawsze szukamy najlepszego mo\u017cliwego po\u0142\u0105czenia mi\u0119dzy pracodawc\u0105 a pracownikiem<\/span><\/p>\n<p><span>Mo\u017cesz r\u00f3wnie\u017c skontaktowa\u0107 si\u0119 z nami w sprawie wszystkich pyta\u0144 dotycz\u0105cych personelu i pracy. Nie wahaj si\u0119 i skontaktuj si\u0119 bezpo\u015brednio z HollandFlex. Wtedy mo\u017cemy zacz\u0105\u0107 dla Ciebie tak szybko, jak to mo\u017cliwe.<\/span><\/p>\n<p><span>Potrzebujesz wi\u0119cej informacji lub masz inne pytania dotycz\u0105ce naszej metody pracy? Daj nam zna\u0107. Bo jak powiedzieli\u015bmy wcze\u015bniej, razem mo\u017cemy wi\u0119cej.<\/span><\/p>\n<p>[\/et_pb_text][\/et_pb_column][et_pb_column type=&#8221;2_5&#8243; _builder_version=&#8221;4.16&#8243; _module_preset=&#8221;default&#8221; global_colors_info=&#8221;{}&#8221;][et_pb_image src=&#8221;https:\/\/hollandflex.nl\/wp-content\/uploads\/2024\/11\/image5.webp&#8221; title_text=&#8221;image5&#8243; align=&#8221;center&#8221; _builder_version=&#8221;4.16&#8243; _module_preset=&#8221;default&#8221; global_colors_info=&#8221;{}&#8221;][\/et_pb_image][\/et_pb_column][\/et_pb_row][\/et_pb_section]<\/p>\n","protected":false},"excerpt":{"rendered":"<p>HollandFlex to dynamiczna, profesjonalna i pr\u0119\u017cna agencja pracy z siedzib\u0105 w Nuenen. Jeste\u015bmy mi\u0119dzynarodow\u0105 agencj\u0105 pracy specjalizuj\u0105c\u0105 si\u0119 w przemy\u015ble, technologii i logistyce. Dzi\u0119ki naszemu wieloletniemu do\u015bwiadczeniu, sieci i w\u0142asnej bazie danych zapewniamy odpowiednich i rzetelnych kandydat\u00f3w oraz najlepsze oferty pracy! Jako\u015b\u0107 jest naszym najwy\u017cszym priorytetem. Nie bez powodu naszym has\u0142em jest: Razem mo\u017cemy osi\u0105gn\u0105\u0107 [&hellip;]<\/p>\n","protected":false},"author":1,"featured_media":0,"parent":0,"menu_order":0,"comment_status":"closed","ping_status":"closed","template":"","meta":{"_et_pb_use_builder":"on","_et_pb_old_content":"","_et_gb_content_width":"","inline_featured_image":false,"footnotes":""},"difl_page_category":[],"class_list":["post-66","page","type-page","status-publish","hentry"],"yoast_head":"<!-- This site is optimized with the Yoast SEO plugin v25.3 - https:\/\/yoast.com\/wordpress\/plugins\/seo\/ -->\n<title>O nas - HollandFlex Uitzendbureau<\/title>\n<meta name=\"robots\" content=\"index, follow, max-snippet:-1, max-image-preview:large, max-video-preview:-1\" \/>\n<link rel=\"canonical\" href=\"https:\/\/hollandflex.nl\/pl\/o-nas\/\" \/>\n<meta property=\"og:locale\" content=\"pl_PL\" \/>\n<meta property=\"og:type\" content=\"article\" \/>\n<meta property=\"og:title\" content=\"O nas - HollandFlex Uitzendbureau\" \/>\n<meta property=\"og:description\" content=\"HollandFlex to dynamiczna, profesjonalna i pr\u0119\u017cna agencja pracy z siedzib\u0105 w Nuenen. Jeste\u015bmy mi\u0119dzynarodow\u0105 agencj\u0105 pracy specjalizuj\u0105c\u0105 si\u0119 w przemy\u015ble, technologii i logistyce. Dzi\u0119ki naszemu wieloletniemu do\u015bwiadczeniu, sieci i w\u0142asnej bazie danych zapewniamy odpowiednich i rzetelnych kandydat\u00f3w oraz najlepsze oferty pracy! Jako\u015b\u0107 jest naszym najwy\u017cszym priorytetem. Nie bez powodu naszym has\u0142em jest: Razem mo\u017cemy osi\u0105gn\u0105\u0107 [&hellip;]\" \/>\n<meta property=\"og:url\" content=\"https:\/\/hollandflex.nl\/pl\/o-nas\/\" \/>\n<meta property=\"og:site_name\" content=\"HollandFlex Uitzendbureau\" \/>\n<meta property=\"article:modified_time\" content=\"2025-01-18T10:38:19+00:00\" \/>\n<meta name=\"twitter:card\" content=\"summary_large_image\" \/>\n<script type=\"application\/ld+json\" class=\"yoast-schema-graph\">{\"@context\":\"https:\/\/schema.org\",\"@graph\":[{\"@type\":\"WebPage\",\"@id\":\"https:\/\/hollandflex.nl\/pl\/o-nas\/\",\"url\":\"https:\/\/hollandflex.nl\/pl\/o-nas\/\",\"name\":\"O nas - HollandFlex Uitzendbureau\",\"isPartOf\":{\"@id\":\"https:\/\/hollandflex.nl\/pl\/#website\"},\"datePublished\":\"2024-11-08T21:30:35+00:00\",\"dateModified\":\"2025-01-18T10:38:19+00:00\",\"breadcrumb\":{\"@id\":\"https:\/\/hollandflex.nl\/pl\/o-nas\/#breadcrumb\"},\"inLanguage\":\"pl-PL\",\"potentialAction\":[{\"@type\":\"ReadAction\",\"target\":[\"https:\/\/hollandflex.nl\/pl\/o-nas\/\"]}]},{\"@type\":\"BreadcrumbList\",\"@id\":\"https:\/\/hollandflex.nl\/pl\/o-nas\/#breadcrumb\",\"itemListElement\":[{\"@type\":\"ListItem\",\"position\":1,\"name\":\"Home\",\"item\":\"https:\/\/hollandflex.nl\/pl\/\"},{\"@type\":\"ListItem\",\"position\":2,\"name\":\"O nas\"}]},{\"@type\":\"WebSite\",\"@id\":\"https:\/\/hollandflex.nl\/pl\/#website\",\"url\":\"https:\/\/hollandflex.nl\/pl\/\",\"name\":\"HollandFlex\",\"description\":\"Uitzendbureau\",\"potentialAction\":[{\"@type\":\"SearchAction\",\"target\":{\"@type\":\"EntryPoint\",\"urlTemplate\":\"https:\/\/hollandflex.nl\/pl\/?s={search_term_string}\"},\"query-input\":{\"@type\":\"PropertyValueSpecification\",\"valueRequired\":true,\"valueName\":\"search_term_string\"}}],\"inLanguage\":\"pl-PL\"}]}<\/script>\n<!-- \/ Yoast SEO plugin. -->","yoast_head_json":{"title":"O nas - HollandFlex Uitzendbureau","robots":{"index":"index","follow":"follow","max-snippet":"max-snippet:-1","max-image-preview":"max-image-preview:large","max-video-preview":"max-video-preview:-1"},"canonical":"https:\/\/hollandflex.nl\/pl\/o-nas\/","og_locale":"pl_PL","og_type":"article","og_title":"O nas - HollandFlex Uitzendbureau","og_description":"HollandFlex to dynamiczna, profesjonalna i pr\u0119\u017cna agencja pracy z siedzib\u0105 w Nuenen. Jeste\u015bmy mi\u0119dzynarodow\u0105 agencj\u0105 pracy specjalizuj\u0105c\u0105 si\u0119 w przemy\u015ble, technologii i logistyce. Dzi\u0119ki naszemu wieloletniemu do\u015bwiadczeniu, sieci i w\u0142asnej bazie danych zapewniamy odpowiednich i rzetelnych kandydat\u00f3w oraz najlepsze oferty pracy! Jako\u015b\u0107 jest naszym najwy\u017cszym priorytetem. Nie bez powodu naszym has\u0142em jest: Razem mo\u017cemy osi\u0105gn\u0105\u0107 [&hellip;]","og_url":"https:\/\/hollandflex.nl\/pl\/o-nas\/","og_site_name":"HollandFlex Uitzendbureau","article_modified_time":"2025-01-18T10:38:19+00:00","twitter_card":"summary_large_image","schema":{"@context":"https:\/\/schema.org","@graph":[{"@type":"WebPage","@id":"https:\/\/hollandflex.nl\/pl\/o-nas\/","url":"https:\/\/hollandflex.nl\/pl\/o-nas\/","name":"O nas - HollandFlex Uitzendbureau","isPartOf":{"@id":"https:\/\/hollandflex.nl\/pl\/#website"},"datePublished":"2024-11-08T21:30:35+00:00","dateModified":"2025-01-18T10:38:19+00:00","breadcrumb":{"@id":"https:\/\/hollandflex.nl\/pl\/o-nas\/#breadcrumb"},"inLanguage":"pl-PL","potentialAction":[{"@type":"ReadAction","target":["https:\/\/hollandflex.nl\/pl\/o-nas\/"]}]},{"@type":"BreadcrumbList","@id":"https:\/\/hollandflex.nl\/pl\/o-nas\/#breadcrumb","itemListElement":[{"@type":"ListItem","position":1,"name":"Home","item":"https:\/\/hollandflex.nl\/pl\/"},{"@type":"ListItem","position":2,"name":"O nas"}]},{"@type":"WebSite","@id":"https:\/\/hollandflex.nl\/pl\/#website","url":"https:\/\/hollandflex.nl\/pl\/","name":"HollandFlex","description":"Uitzendbureau","potentialAction":[{"@type":"SearchAction","target":{"@type":"EntryPoint","urlTemplate":"https:\/\/hollandflex.nl\/pl\/?s={search_term_string}"},"query-input":{"@type":"PropertyValueSpecification","valueRequired":true,"valueName":"search_term_string"}}],"inLanguage":"pl-PL"}]}},"_links":{"self":[{"href":"https:\/\/hollandflex.nl\/pl\/wp-json\/wp\/v2\/pages\/66","targetHints":{"allow":["GET"]}}],"collection":[{"href":"https:\/\/hollandflex.nl\/pl\/wp-json\/wp\/v2\/pages"}],"about":[{"href":"https:\/\/hollandflex.nl\/pl\/wp-json\/wp\/v2\/types\/page"}],"author":[{"embeddable":true,"href":"https:\/\/hollandflex.nl\/pl\/wp-json\/wp\/v2\/users\/1"}],"replies":[{"embeddable":true,"href":"https:\/\/hollandflex.nl\/pl\/wp-json\/wp\/v2\/comments?post=66"}],"version-history":[{"count":7,"href":"https:\/\/hollandflex.nl\/pl\/wp-json\/wp\/v2\/pages\/66\/revisions"}],"predecessor-version":[{"id":673,"href":"https:\/\/hollandflex.nl\/pl\/wp-json\/wp\/v2\/pages\/66\/revisions\/673"}],"wp:attachment":[{"href":"https:\/\/hollandflex.nl\/pl\/wp-json\/wp\/v2\/media?parent=66"}],"wp:term":[{"taxonomy":"difl_page_category","embeddable":true,"href":"https:\/\/hollandflex.nl\/pl\/wp-json\/wp\/v2\/difl_page_category?post=66"}],"curies":[{"name":"wp","href":"https:\/\/api.w.org\/{rel}","templated":true}]}}